{"id":10,"date":"2025-03-11T22:19:15","date_gmt":"2025-03-11T21:19:15","guid":{"rendered":"https:\/\/borgofacca.com\/?page_id=10"},"modified":"2025-03-21T17:09:06","modified_gmt":"2025-03-21T16:09:06","slug":"entretien-couverture","status":"publish","type":"page","link":"https:\/\/borgofacca.com\/?page_id=10","title":{"rendered":"ENTRETIEN COUVERTURE"},"content":{"rendered":"\n<figure class=\"wp-block-image size-large\"><img loading=\"lazy\" decoding=\"async\" width=\"1024\" height=\"151\" src=\"https:\/\/borgofacca.com\/wp-content\/uploads\/2025\/03\/logos-qui-suis-je-3-1024x151.png\" alt=\"\" class=\"wp-image-447\" srcset=\"https:\/\/borgofacca.com\/wp-content\/uploads\/2025\/03\/logos-qui-suis-je-3-1024x151.png 1024w, https:\/\/borgofacca.com\/wp-content\/uploads\/2025\/03\/logos-qui-suis-je-3-300x44.png 300w, https:\/\/borgofacca.com\/wp-content\/uploads\/2025\/03\/logos-qui-suis-je-3-768x114.png 768w, https:\/\/borgofacca.com\/wp-content\/uploads\/2025\/03\/logos-qui-suis-je-3-941x139.png 941w, https:\/\/borgofacca.com\/wp-content\/uploads\/2025\/03\/logos-qui-suis-je-3.png 1136w\" sizes=\"auto, (max-width: 1024px) 100vw, 1024px\" \/><\/figure>\n\n\n\n<h4 class=\"wp-block-heading has-accent-1-color has-text-color has-link-color has-large-font-size wp-elements-be6829ed8627a3026b8470e7083eec31\">L\u2019entreprise Borgo Facca Toitures est implant\u00e9e \u00e0 Montpellier 34 :<\/h4>\n\n\n\n<p style=\"font-size:20px\"><strong>L\u2019entretien de votre toiture 34 est indispensable:<\/strong>    Afin d\u2019\u00e9viter tous types de d\u00e9g\u00e2ts, il est important d\u2019assurer l\u2019entretien des domaines de pr\u00e9vention suivants :<\/p>\n\n\n\n<ul class=\"wp-block-list has-accent-1-color has-text-color has-link-color wp-elements-f83e81a5c2a05739cfcce6c5e16881b0\">\n<li class=\"has-accent-1-color has-text-color has-link-color wp-elements-3ae152437fba8c08893189bdafba45b4\" style=\"font-size:20px\"><strong><em>Entretien de toiture par hydrofugation (incolores ou pigment\u00e9es)<\/em><\/strong><\/li>\n\n\n\n<li class=\"has-accent-1-color has-text-color has-link-color wp-elements-b865446ab08a12b1f6a155c42dc7e3fa\" style=\"font-size:20px\"><strong><em>R\u00e9vision d\u2019\u00e9tanch\u00e9it\u00e9<\/em><\/strong><\/li>\n\n\n\n<li class=\"has-accent-1-color has-text-color has-link-color wp-elements-92057d2038155e7004e1bcfd88df5369\" style=\"font-size:20px\"><strong><em>Nettoyage toitures (d\u00e9crassage)<\/em><\/strong><\/li>\n\n\n\n<li class=\"has-accent-1-color has-text-color has-link-color wp-elements-60c2cba689f4b9c4d875aaef7fa7020f\" style=\"font-size:20px\"><strong><em>Traitement anti mousse, imperm\u00e9abilisation<\/em><\/strong><\/li>\n\n\n\n<li class=\"has-accent-1-color has-text-color has-link-color wp-elements-02932abe9db1d10870e7d06cc1a6f7ac\" style=\"font-size:20px\"><strong><em>Nettoyage ch\u00e9neaux, goutti\u00e8res, fa\u00e7ades, bardages, toit terrasse<\/em><\/strong><\/li>\n\n\n\n<li class=\"has-accent-1-color has-text-color has-link-color wp-elements-70e88b25eaca3ef916c0e271974aa105\" style=\"font-size:20px\"><strong><em>Isolation des toitures terrasses<\/em><\/strong><\/li>\n\n\n\n<li class=\"has-accent-1-color has-text-color has-link-color wp-elements-17ebd78c1ce43f46c0867c57aabe213f\" style=\"font-size:20px\"><strong><em>Isolation sous toiture (\u00e9cran \u00e9tanche \u00e0 l\u2019eau)<\/em><\/strong><\/li>\n\n\n\n<li class=\"has-accent-1-color has-text-color has-link-color wp-elements-08bdacb31f10a2911c1bc2f4263166dc\" style=\"font-size:20px\"><a href=\"https:\/\/web.archive.org\/web\/20241109033709\/https:\/\/borgofacca.com\/traitement-bois-et-charpente\/\"><strong>Traitement Bois et Charpente<\/strong><\/a><\/li>\n<\/ul>\n\n\n\n<p><strong>POSSIBILITE DE SOUSCRIRE AU CONTRAT D\u2019ENTRETIEN COUVERTURE ET TERRASSE A L\u2019ANNEE.<\/strong><\/p>\n\n\n\n<p style=\"font-size:20px\">Tous nos travaux offrent la garantie d\u00e9cennale&nbsp;et un service apr\u00e8s-vente assur\u00e9.<\/p>\n\n\n\n<ul style=\"font-size:20px\" class=\"wp-block-list has-accent-1-color has-text-color has-link-color wp-elements-971aa127dd6f5bb9538593ec1394f8a5\">\n<li class=\"has-accent-1-color has-text-color has-link-color wp-elements-1a39697ed0ea0ede4ba5e3d269d8d5eb\" style=\"font-size:20px\"><strong><em>Conseils sur mesure<\/em><\/strong><\/li>\n\n\n\n<li class=\"has-accent-1-color has-text-color has-link-color wp-elements-28d090e738c003a8be79a6bddb7d56d9\" style=\"font-size:20px\"><strong><em>Respect des d\u00e9lais selon intemp\u00e9ries<\/em><\/strong><\/li>\n<\/ul>\n\n\n\n<ul style=\"font-size:20px\" class=\"wp-block-list has-accent-1-color has-text-color has-link-color wp-elements-870aeb684c5fc66a0370fc5b1077f043\">\n<li class=\"has-accent-1-color has-text-color has-link-color wp-elements-dc413c58e2e1250837c243983e507a7c\" style=\"font-size:20px\"><strong><em>Expertise charpente et couverture<\/em><\/strong><\/li>\n\n\n\n<li class=\"has-accent-1-color has-text-color has-link-color wp-elements-1435ff09aec12408256061a48f449d3a\" style=\"font-size:20px\"><strong><em>Respect des normes<\/em><\/strong><\/li>\n<\/ul>\n\n\n\n<p style=\"font-size:20px\">L\u2019entreprise BORGO FACCA vous garantit une intervention de qualit\u00e9&nbsp;sur le&nbsp;<strong>d\u00e9partement de l\u2019H\u00e9rault<\/strong>.<\/p>\n\n\n\n<p style=\"font-size:20px\"><a href=\"https:\/\/borgofacca.com\/?page_id=94\" data-type=\"link\" data-id=\"https:\/\/borgofacca.com\/?page_id=94\">Nous Consulter<\/a><\/p>\n\n\n\n<figure class=\"wp-block-gallery has-nested-images columns-default is-cropped wp-block-gallery-1 is-layout-flex wp-block-gallery-is-layout-flex\">\n<figure class=\"wp-block-image size-full\"><img loading=\"lazy\" decoding=\"async\" width=\"700\" height=\"525\" data-id=\"310\" src=\"https:\/\/borgofacca.com\/wp-content\/uploads\/2025\/03\/IMG_4238-entretien-toiture-1-1.jpg\" alt=\"\" class=\"wp-image-310\" srcset=\"https:\/\/borgofacca.com\/wp-content\/uploads\/2025\/03\/IMG_4238-entretien-toiture-1-1.jpg 700w, https:\/\/borgofacca.com\/wp-content\/uploads\/2025\/03\/IMG_4238-entretien-toiture-1-1-300x225.jpg 300w, https:\/\/borgofacca.com\/wp-content\/uploads\/2025\/03\/IMG_4238-entretien-toiture-1-1-267x200.jpg 267w\" sizes=\"auto, (max-width: 700px) 100vw, 700px\" \/><figcaption class=\"wp-element-caption\">Sorties de ventilation non conformes NF&nbsp;<\/figcaption><\/figure>\n\n\n\n<figure class=\"wp-block-image size-full\"><img loading=\"lazy\" decoding=\"async\" width=\"700\" height=\"525\" data-id=\"311\" src=\"https:\/\/borgofacca.com\/wp-content\/uploads\/2025\/03\/IMG_4248-entretien-toiture-1-1.jpg\" alt=\"\" class=\"wp-image-311\" srcset=\"https:\/\/borgofacca.com\/wp-content\/uploads\/2025\/03\/IMG_4248-entretien-toiture-1-1.jpg 700w, https:\/\/borgofacca.com\/wp-content\/uploads\/2025\/03\/IMG_4248-entretien-toiture-1-1-300x225.jpg 300w, https:\/\/borgofacca.com\/wp-content\/uploads\/2025\/03\/IMG_4248-entretien-toiture-1-1-267x200.jpg 267w\" sizes=\"auto, (max-width: 700px) 100vw, 700px\" \/><\/figure>\n<\/figure>\n\n\n\n<figure class=\"wp-block-gallery has-nested-images columns-default is-cropped wp-block-gallery-2 is-layout-flex wp-block-gallery-is-layout-flex\">\n<figure class=\"wp-block-image size-full\"><img loading=\"lazy\" decoding=\"async\" width=\"700\" height=\"525\" data-id=\"312\" src=\"https:\/\/borgofacca.com\/wp-content\/uploads\/2025\/03\/IMG_3986-suppression-cheminee-1-1-1.jpg\" alt=\"\" class=\"wp-image-312\" srcset=\"https:\/\/borgofacca.com\/wp-content\/uploads\/2025\/03\/IMG_3986-suppression-cheminee-1-1-1.jpg 700w, https:\/\/borgofacca.com\/wp-content\/uploads\/2025\/03\/IMG_3986-suppression-cheminee-1-1-1-300x225.jpg 300w, https:\/\/borgofacca.com\/wp-content\/uploads\/2025\/03\/IMG_3986-suppression-cheminee-1-1-1-267x200.jpg 267w\" sizes=\"auto, (max-width: 700px) 100vw, 700px\" \/><\/figure>\n\n\n\n<figure class=\"wp-block-image size-full\"><img loading=\"lazy\" decoding=\"async\" width=\"700\" height=\"525\" data-id=\"314\" src=\"https:\/\/borgofacca.com\/wp-content\/uploads\/2025\/03\/IMG_3987-suppression-cheminee-1-1.jpg\" alt=\"\" class=\"wp-image-314\" srcset=\"https:\/\/borgofacca.com\/wp-content\/uploads\/2025\/03\/IMG_3987-suppression-cheminee-1-1.jpg 700w, https:\/\/borgofacca.com\/wp-content\/uploads\/2025\/03\/IMG_3987-suppression-cheminee-1-1-300x225.jpg 300w, https:\/\/borgofacca.com\/wp-content\/uploads\/2025\/03\/IMG_3987-suppression-cheminee-1-1-267x200.jpg 267w\" sizes=\"auto, (max-width: 700px) 100vw, 700px\" \/><\/figure>\n<\/figure>\n","protected":false},"excerpt":{"rendered":"<p>L\u2019entreprise Borgo Facca Toitures est implant\u00e9e \u00e0 Montpellier 34 : L\u2019entretien de votre toiture 34 est indispensable: Afin d\u2019\u00e9viter tous types de d\u00e9g\u00e2ts, il est important d\u2019assurer l\u2019entretien des domaines de pr\u00e9vention suivants : POSSIBILITE DE SOUSCRIRE AU CONTRAT D\u2019ENTRETIEN COUVERTURE ET TERRASSE A L\u2019ANNEE. Tous nos travaux offrent la &hellip;<\/p>\n","protected":false},"author":1,"featured_media":0,"parent":0,"menu_order":0,"comment_status":"closed","ping_status":"closed","template":"","meta":{"footnotes":""},"class_list":["post-10","page","type-page","status-publish","hentry"],"_links":{"self":[{"href":"https:\/\/borgofacca.com\/index.php?rest_route=\/wp\/v2\/pages\/10","targetHints":{"allow":["GET"]}}],"collection":[{"href":"https:\/\/borgofacca.com\/index.php?rest_route=\/wp\/v2\/pages"}],"about":[{"href":"https:\/\/borgofacca.com\/index.php?rest_route=\/wp\/v2\/types\/page"}],"author":[{"embeddable":true,"href":"https:\/\/borgofacca.com\/index.php?rest_route=\/wp\/v2\/users\/1"}],"replies":[{"embeddable":true,"href":"https:\/\/borgofacca.com\/index.php?rest_route=%2Fwp%2Fv2%2Fcomments&post=10"}],"version-history":[{"count":16,"href":"https:\/\/borgofacca.com\/index.php?rest_route=\/wp\/v2\/pages\/10\/revisions"}],"predecessor-version":[{"id":448,"href":"https:\/\/borgofacca.com\/index.php?rest_route=\/wp\/v2\/pages\/10\/revisions\/448"}],"wp:attachment":[{"href":"https:\/\/borgofacca.com\/index.php?rest_route=%2Fwp%2Fv2%2Fmedia&parent=10"}],"curies":[{"name":"wp","href":"https:\/\/api.w.org\/{rel}","templated":true}]}}