{"id":669,"date":"2026-04-06T22:57:53","date_gmt":"2026-04-06T20:57:53","guid":{"rendered":"https:\/\/borgofacca.com\/?page_id=669"},"modified":"2026-04-07T00:37:57","modified_gmt":"2026-04-06T22:37:57","slug":"reparations-ponctuelles","status":"publish","type":"page","link":"https:\/\/borgofacca.com\/?page_id=669","title":{"rendered":"R\u00e9parations ponctuelles."},"content":{"rendered":"\n<p style=\"font-size:20px\">Avant \/ apr\u00e8s : pose de r\u00e9sine, pour r\u00e9paration de tuiles en rive<\/p>\n\n\n\n<figure class=\"wp-block-gallery has-nested-images columns-default is-cropped wp-block-gallery-1 is-layout-flex wp-block-gallery-is-layout-flex\">\n<figure class=\"wp-block-image size-large\"><img loading=\"lazy\" decoding=\"async\" width=\"768\" height=\"1024\" data-id=\"705\" src=\"https:\/\/borgofacca.com\/wp-content\/uploads\/2026\/04\/photo_2026-04-07_00-34-35-768x1024.jpg\" alt=\"\" class=\"wp-image-705\" srcset=\"https:\/\/borgofacca.com\/wp-content\/uploads\/2026\/04\/photo_2026-04-07_00-34-35-768x1024.jpg 768w, https:\/\/borgofacca.com\/wp-content\/uploads\/2026\/04\/photo_2026-04-07_00-34-35-225x300.jpg 225w, https:\/\/borgofacca.com\/wp-content\/uploads\/2026\/04\/photo_2026-04-07_00-34-35-150x200.jpg 150w, https:\/\/borgofacca.com\/wp-content\/uploads\/2026\/04\/photo_2026-04-07_00-34-35.jpg 960w\" sizes=\"auto, (max-width: 768px) 100vw, 768px\" \/><\/figure>\n\n\n\n<figure class=\"wp-block-image size-large\"><img loading=\"lazy\" decoding=\"async\" width=\"768\" height=\"1024\" data-id=\"706\" src=\"https:\/\/borgofacca.com\/wp-content\/uploads\/2026\/04\/photo_2026-04-07_00-34-28-768x1024.jpg\" alt=\"\" class=\"wp-image-706\" srcset=\"https:\/\/borgofacca.com\/wp-content\/uploads\/2026\/04\/photo_2026-04-07_00-34-28-768x1024.jpg 768w, https:\/\/borgofacca.com\/wp-content\/uploads\/2026\/04\/photo_2026-04-07_00-34-28-225x300.jpg 225w, https:\/\/borgofacca.com\/wp-content\/uploads\/2026\/04\/photo_2026-04-07_00-34-28-150x200.jpg 150w, https:\/\/borgofacca.com\/wp-content\/uploads\/2026\/04\/photo_2026-04-07_00-34-28.jpg 960w\" sizes=\"auto, (max-width: 768px) 100vw, 768px\" \/><\/figure>\n<\/figure>\n","protected":false},"excerpt":{"rendered":"<p>Avant \/ apr\u00e8s : pose de r\u00e9sine, pour r\u00e9paration de tuiles en rive<\/p>\n","protected":false},"author":1,"featured_media":0,"parent":0,"menu_order":0,"comment_status":"closed","ping_status":"closed","template":"","meta":{"footnotes":""},"class_list":["post-669","page","type-page","status-publish","hentry"],"_links":{"self":[{"href":"https:\/\/borgofacca.com\/index.php?rest_route=\/wp\/v2\/pages\/669","targetHints":{"allow":["GET"]}}],"collection":[{"href":"https:\/\/borgofacca.com\/index.php?rest_route=\/wp\/v2\/pages"}],"about":[{"href":"https:\/\/borgofacca.com\/index.php?rest_route=\/wp\/v2\/types\/page"}],"author":[{"embeddable":true,"href":"https:\/\/borgofacca.com\/index.php?rest_route=\/wp\/v2\/users\/1"}],"replies":[{"embeddable":true,"href":"https:\/\/borgofacca.com\/index.php?rest_route=%2Fwp%2Fv2%2Fcomments&post=669"}],"version-history":[{"count":2,"href":"https:\/\/borgofacca.com\/index.php?rest_route=\/wp\/v2\/pages\/669\/revisions"}],"predecessor-version":[{"id":708,"href":"https:\/\/borgofacca.com\/index.php?rest_route=\/wp\/v2\/pages\/669\/revisions\/708"}],"wp:attachment":[{"href":"https:\/\/borgofacca.com\/index.php?rest_route=%2Fwp%2Fv2%2Fmedia&parent=669"}],"curies":[{"name":"wp","href":"https:\/\/api.w.org\/{rel}","templated":true}]}}