{"id":692,"date":"2026-04-07T00:15:34","date_gmt":"2026-04-06T22:15:34","guid":{"rendered":"https:\/\/borgofacca.com\/?page_id=692"},"modified":"2026-04-07T00:23:47","modified_gmt":"2026-04-06T22:23:47","slug":"reparations-elements-bois","status":"publish","type":"page","link":"https:\/\/borgofacca.com\/?page_id=692","title":{"rendered":"R\u00e9parations \u00e9l\u00e9ments bois"},"content":{"rendered":"\n<p style=\"font-size:20px\">Avant et apr\u00e8s : Liaison de deux pannes en coffrage continu en pin ( solidification de la structure)<\/p>\n\n\n\n<figure class=\"wp-block-gallery has-nested-images columns-default is-cropped wp-block-gallery-1 is-layout-flex wp-block-gallery-is-layout-flex\">\n<figure class=\"wp-block-image size-large\"><img loading=\"lazy\" decoding=\"async\" width=\"1024\" height=\"768\" data-id=\"695\" src=\"https:\/\/borgofacca.com\/wp-content\/uploads\/2026\/04\/photo_2026-04-07_00-21-12-1024x768.jpg\" alt=\"\" class=\"wp-image-695\" srcset=\"https:\/\/borgofacca.com\/wp-content\/uploads\/2026\/04\/photo_2026-04-07_00-21-12-1024x768.jpg 1024w, https:\/\/borgofacca.com\/wp-content\/uploads\/2026\/04\/photo_2026-04-07_00-21-12-300x225.jpg 300w, https:\/\/borgofacca.com\/wp-content\/uploads\/2026\/04\/photo_2026-04-07_00-21-12-768x576.jpg 768w, https:\/\/borgofacca.com\/wp-content\/uploads\/2026\/04\/photo_2026-04-07_00-21-12-267x200.jpg 267w, https:\/\/borgofacca.com\/wp-content\/uploads\/2026\/04\/photo_2026-04-07_00-21-12.jpg 1280w\" sizes=\"auto, (max-width: 1024px) 100vw, 1024px\" \/><\/figure>\n\n\n\n<figure class=\"wp-block-image size-large\"><img loading=\"lazy\" decoding=\"async\" width=\"1024\" height=\"768\" data-id=\"696\" src=\"https:\/\/borgofacca.com\/wp-content\/uploads\/2026\/04\/photo_2026-04-07_00-21-21-1024x768.jpg\" alt=\"\" class=\"wp-image-696\" srcset=\"https:\/\/borgofacca.com\/wp-content\/uploads\/2026\/04\/photo_2026-04-07_00-21-21-1024x768.jpg 1024w, https:\/\/borgofacca.com\/wp-content\/uploads\/2026\/04\/photo_2026-04-07_00-21-21-300x225.jpg 300w, https:\/\/borgofacca.com\/wp-content\/uploads\/2026\/04\/photo_2026-04-07_00-21-21-768x576.jpg 768w, https:\/\/borgofacca.com\/wp-content\/uploads\/2026\/04\/photo_2026-04-07_00-21-21-267x200.jpg 267w, https:\/\/borgofacca.com\/wp-content\/uploads\/2026\/04\/photo_2026-04-07_00-21-21.jpg 1280w\" sizes=\"auto, (max-width: 1024px) 100vw, 1024px\" \/><\/figure>\n<\/figure>\n","protected":false},"excerpt":{"rendered":"<p>Avant et apr\u00e8s : Liaison de deux pannes en coffrage continu en pin ( solidification de la structure)<\/p>\n","protected":false},"author":1,"featured_media":0,"parent":0,"menu_order":0,"comment_status":"closed","ping_status":"closed","template":"","meta":{"footnotes":""},"class_list":["post-692","page","type-page","status-publish","hentry"],"_links":{"self":[{"href":"https:\/\/borgofacca.com\/index.php?rest_route=\/wp\/v2\/pages\/692","targetHints":{"allow":["GET"]}}],"collection":[{"href":"https:\/\/borgofacca.com\/index.php?rest_route=\/wp\/v2\/pages"}],"about":[{"href":"https:\/\/borgofacca.com\/index.php?rest_route=\/wp\/v2\/types\/page"}],"author":[{"embeddable":true,"href":"https:\/\/borgofacca.com\/index.php?rest_route=\/wp\/v2\/users\/1"}],"replies":[{"embeddable":true,"href":"https:\/\/borgofacca.com\/index.php?rest_route=%2Fwp%2Fv2%2Fcomments&post=692"}],"version-history":[{"count":2,"href":"https:\/\/borgofacca.com\/index.php?rest_route=\/wp\/v2\/pages\/692\/revisions"}],"predecessor-version":[{"id":697,"href":"https:\/\/borgofacca.com\/index.php?rest_route=\/wp\/v2\/pages\/692\/revisions\/697"}],"wp:attachment":[{"href":"https:\/\/borgofacca.com\/index.php?rest_route=%2Fwp%2Fv2%2Fmedia&parent=692"}],"curies":[{"name":"wp","href":"https:\/\/api.w.org\/{rel}","templated":true}]}}