{"id":698,"date":"2026-04-07T00:26:36","date_gmt":"2026-04-06T22:26:36","guid":{"rendered":"https:\/\/borgofacca.com\/?page_id=698"},"modified":"2026-04-07T00:29:19","modified_gmt":"2026-04-06T22:29:19","slug":"entourage-de-fenetre-de-toit","status":"publish","type":"page","link":"https:\/\/borgofacca.com\/?page_id=698","title":{"rendered":"Entourage de fen\u00eatre de toit"},"content":{"rendered":"\n<p style=\"font-size:20px\">Avant \/ apr\u00e8s entourage p\u00e9riph\u00e9rique de fen\u00eatre de toit<\/p>\n\n\n\n<figure class=\"wp-block-gallery has-nested-images columns-default is-cropped wp-block-gallery-1 is-layout-flex wp-block-gallery-is-layout-flex\">\n<figure class=\"wp-block-image size-large\"><img loading=\"lazy\" decoding=\"async\" width=\"1024\" height=\"768\" data-id=\"702\" src=\"https:\/\/borgofacca.com\/wp-content\/uploads\/2026\/04\/photo_2026-04-07_00-27-27-1024x768.jpg\" alt=\"\" class=\"wp-image-702\" srcset=\"https:\/\/borgofacca.com\/wp-content\/uploads\/2026\/04\/photo_2026-04-07_00-27-27-1024x768.jpg 1024w, https:\/\/borgofacca.com\/wp-content\/uploads\/2026\/04\/photo_2026-04-07_00-27-27-300x225.jpg 300w, https:\/\/borgofacca.com\/wp-content\/uploads\/2026\/04\/photo_2026-04-07_00-27-27-768x576.jpg 768w, https:\/\/borgofacca.com\/wp-content\/uploads\/2026\/04\/photo_2026-04-07_00-27-27-267x200.jpg 267w, https:\/\/borgofacca.com\/wp-content\/uploads\/2026\/04\/photo_2026-04-07_00-27-27.jpg 1280w\" sizes=\"auto, (max-width: 1024px) 100vw, 1024px\" \/><\/figure>\n\n\n\n<figure class=\"wp-block-image size-large\"><img loading=\"lazy\" decoding=\"async\" width=\"768\" height=\"1024\" data-id=\"703\" src=\"https:\/\/borgofacca.com\/wp-content\/uploads\/2026\/04\/photo_2026-04-07_00-27-34-768x1024.jpg\" alt=\"\" class=\"wp-image-703\" srcset=\"https:\/\/borgofacca.com\/wp-content\/uploads\/2026\/04\/photo_2026-04-07_00-27-34-768x1024.jpg 768w, https:\/\/borgofacca.com\/wp-content\/uploads\/2026\/04\/photo_2026-04-07_00-27-34-225x300.jpg 225w, https:\/\/borgofacca.com\/wp-content\/uploads\/2026\/04\/photo_2026-04-07_00-27-34-150x200.jpg 150w, https:\/\/borgofacca.com\/wp-content\/uploads\/2026\/04\/photo_2026-04-07_00-27-34.jpg 960w\" sizes=\"auto, (max-width: 768px) 100vw, 768px\" \/><\/figure>\n<\/figure>\n","protected":false},"excerpt":{"rendered":"<p>Avant \/ apr\u00e8s entourage p\u00e9riph\u00e9rique de fen\u00eatre de toit<\/p>\n","protected":false},"author":1,"featured_media":0,"parent":0,"menu_order":0,"comment_status":"closed","ping_status":"closed","template":"","meta":{"footnotes":""},"class_list":["post-698","page","type-page","status-publish","hentry"],"_links":{"self":[{"href":"https:\/\/borgofacca.com\/index.php?rest_route=\/wp\/v2\/pages\/698","targetHints":{"allow":["GET"]}}],"collection":[{"href":"https:\/\/borgofacca.com\/index.php?rest_route=\/wp\/v2\/pages"}],"about":[{"href":"https:\/\/borgofacca.com\/index.php?rest_route=\/wp\/v2\/types\/page"}],"author":[{"embeddable":true,"href":"https:\/\/borgofacca.com\/index.php?rest_route=\/wp\/v2\/users\/1"}],"replies":[{"embeddable":true,"href":"https:\/\/borgofacca.com\/index.php?rest_route=%2Fwp%2Fv2%2Fcomments&post=698"}],"version-history":[{"count":2,"href":"https:\/\/borgofacca.com\/index.php?rest_route=\/wp\/v2\/pages\/698\/revisions"}],"predecessor-version":[{"id":704,"href":"https:\/\/borgofacca.com\/index.php?rest_route=\/wp\/v2\/pages\/698\/revisions\/704"}],"wp:attachment":[{"href":"https:\/\/borgofacca.com\/index.php?rest_route=%2Fwp%2Fv2%2Fmedia&parent=698"}],"curies":[{"name":"wp","href":"https:\/\/api.w.org\/{rel}","templated":true}]}}