{"id":7,"date":"2025-03-11T22:18:02","date_gmt":"2025-03-11T21:18:02","guid":{"rendered":"https:\/\/borgofacca.com\/?page_id=7"},"modified":"2025-03-21T17:08:17","modified_gmt":"2025-03-21T16:08:17","slug":"couverture-construction-neuf","status":"publish","type":"page","link":"https:\/\/borgofacca.com\/?page_id=7","title":{"rendered":"COUVERTURE"},"content":{"rendered":"\n<figure class=\"wp-block-image size-large\"><img loading=\"lazy\" decoding=\"async\" width=\"1024\" height=\"151\" src=\"https:\/\/borgofacca.com\/wp-content\/uploads\/2025\/03\/logos-qui-suis-je-2-1024x151.png\" alt=\"\" class=\"wp-image-445\" srcset=\"https:\/\/borgofacca.com\/wp-content\/uploads\/2025\/03\/logos-qui-suis-je-2-1024x151.png 1024w, https:\/\/borgofacca.com\/wp-content\/uploads\/2025\/03\/logos-qui-suis-je-2-300x44.png 300w, https:\/\/borgofacca.com\/wp-content\/uploads\/2025\/03\/logos-qui-suis-je-2-768x114.png 768w, https:\/\/borgofacca.com\/wp-content\/uploads\/2025\/03\/logos-qui-suis-je-2-941x139.png 941w, https:\/\/borgofacca.com\/wp-content\/uploads\/2025\/03\/logos-qui-suis-je-2.png 1136w\" sizes=\"auto, (max-width: 1024px) 100vw, 1024px\" \/><\/figure>\n\n\n\n<h3 class=\"wp-block-heading has-accent-1-color has-text-color has-link-color has-large-font-size wp-elements-b6a5c8a72e7813b067fcc06516997a3b\"><strong>Entreprise Borgo Facca Toitures, artisan couvreur en r\u00e9novation de toiture 34<\/strong><\/h3>\n\n\n\n<p style=\"font-size:20px\">Afin d\u2019am\u00e9liorer le confort de votre toiture tout au long de l\u2019ann\u00e9e, l\u2019entreprise BORGO FACCA intervient en priorisant la qualit\u00e9 des travaux, dans le d\u00e9partement de&nbsp;<strong>l\u2019H\u00e9rault<\/strong>&nbsp;par son s\u00e9rieux et son savoir faire, dans les domaines suivants :<\/p>\n\n\n\n<ul class=\"wp-block-list\">\n<li class=\"has-accent-1-color has-text-color has-link-color wp-elements-45b09901e8c54eb6295f5a2565bdc6c7\" style=\"font-size:20px\"><strong><em>Pose couverture en PST (Plaque Sous Tuiles) en tuiles m\u00e9caniques ou rondes<\/em><\/strong><\/li>\n\n\n\n<li class=\"has-accent-1-color has-text-color has-link-color wp-elements-3a3a86f4a1bc1d1f1fa6d78f7c09fdc8\" style=\"font-size:20px\"><strong><em>Zinguerie avec pose goutti\u00e8res et ch\u00e9nau (mat\u00e9riaux noble et durable)<\/em><\/strong><\/li>\n\n\n\n<li class=\"has-accent-1-color has-text-color has-link-color wp-elements-c4d903e1038ae335a953e5e27a8b7c74\" style=\"font-size:20px\"><strong><em>Isolation : soufflage par \u00e9pandage (ouate de cellulose \u00e9cologique)<\/em><\/strong><\/li>\n\n\n\n<li class=\"has-accent-1-color has-text-color has-link-color wp-elements-c9a503ecffeb4b65fdfa8a5a65d4d480\" style=\"font-size:20px\"><strong><em>Bardages en bois ou bacs aciers<\/em><\/strong><\/li>\n\n\n\n<li class=\"has-accent-1-color has-text-color has-link-color wp-elements-9b7898651992f65d394b47c01934124b\" style=\"font-size:20px\"><strong><em>Remaniement de couverture<\/em><\/strong><\/li>\n\n\n\n<li class=\"has-accent-1-color has-text-color has-link-color wp-elements-40746f76fe0a61f86208eeaa27501cd8\" style=\"font-size:20px\"><strong><em>Rives l\u00e9zard\u00e9es<\/em><\/strong><\/li>\n\n\n\n<li class=\"has-accent-1-color has-text-color has-link-color wp-elements-ba66edf28e87ea4dc141924a05b15741\" style=\"font-size:20px\"><strong><em>Goutti\u00e8res et chenaux fissur\u00e9s, descentes d\u2019eaux pluviales abim\u00e9es, d\u00e9t\u00e9rior\u00e9es<\/em><\/strong><\/li>\n\n\n\n<li class=\"has-accent-1-color has-text-color has-link-color wp-elements-38eebf4efc32beec9f515d089169adb9\" style=\"font-size:20px\"><strong><em>Solins perc\u00e9s<\/em><\/strong><\/li>\n\n\n\n<li class=\"has-accent-1-color has-text-color has-link-color wp-elements-afa4cc375e9fca384578f876fa0f0e9e\" style=\"font-size:20px\"><strong><em>Usures de zingueries<\/em><\/strong><\/li>\n<\/ul>\n\n\n\n<p style=\"font-size:20px\">Nous mettons un point d\u2019honneur sur la propret\u00e9, pendant et apr\u00e8s le chantier.<\/p>\n\n\n\n<p><a href=\"https:\/\/borgofacca.com\/?page_id=94\" data-type=\"page\" data-id=\"94\" target=\"_blank\" rel=\"noreferrer noopener\">Nous Consulter<\/a><\/p>\n\n\n\n<figure class=\"wp-block-image size-full is-resized\"><img loading=\"lazy\" decoding=\"async\" width=\"600\" height=\"600\" src=\"https:\/\/borgofacca.com\/wp-content\/uploads\/2025\/03\/toit-avec-tuiles-en-terre-cuite-1414-600-600-F.jpg\" alt=\"\" class=\"wp-image-304\" style=\"width:638px;height:auto\" srcset=\"https:\/\/borgofacca.com\/wp-content\/uploads\/2025\/03\/toit-avec-tuiles-en-terre-cuite-1414-600-600-F.jpg 600w, https:\/\/borgofacca.com\/wp-content\/uploads\/2025\/03\/toit-avec-tuiles-en-terre-cuite-1414-600-600-F-300x300.jpg 300w, https:\/\/borgofacca.com\/wp-content\/uploads\/2025\/03\/toit-avec-tuiles-en-terre-cuite-1414-600-600-F-150x150.jpg 150w, https:\/\/borgofacca.com\/wp-content\/uploads\/2025\/03\/toit-avec-tuiles-en-terre-cuite-1414-600-600-F-200x200.jpg 200w\" sizes=\"auto, (max-width: 600px) 100vw, 600px\" \/><figcaption class=\"wp-element-caption\">toit avec tuiles en terre cuite<\/figcaption><\/figure>\n\n\n\n<figure class=\"wp-block-image size-full\"><img loading=\"lazy\" decoding=\"async\" width=\"700\" height=\"166\" src=\"https:\/\/borgofacca.com\/wp-content\/uploads\/2025\/03\/IMG_4330-chgt-couverture-1.jpg\" alt=\"\" class=\"wp-image-306\" srcset=\"https:\/\/borgofacca.com\/wp-content\/uploads\/2025\/03\/IMG_4330-chgt-couverture-1.jpg 700w, https:\/\/borgofacca.com\/wp-content\/uploads\/2025\/03\/IMG_4330-chgt-couverture-1-300x71.jpg 300w, https:\/\/borgofacca.com\/wp-content\/uploads\/2025\/03\/IMG_4330-chgt-couverture-1-590x140.jpg 590w\" sizes=\"auto, (max-width: 700px) 100vw, 700px\" \/><figcaption class=\"wp-element-caption\">Vue sur toiture en plaque sous tuile<\/figcaption><\/figure>\n\n\n\n<figure class=\"wp-block-image size-full\"><img loading=\"lazy\" decoding=\"async\" width=\"700\" height=\"525\" src=\"https:\/\/borgofacca.com\/wp-content\/uploads\/2025\/03\/IMG_4164-1-1.jpg\" alt=\"\" class=\"wp-image-308\" srcset=\"https:\/\/borgofacca.com\/wp-content\/uploads\/2025\/03\/IMG_4164-1-1.jpg 700w, https:\/\/borgofacca.com\/wp-content\/uploads\/2025\/03\/IMG_4164-1-1-300x225.jpg 300w, https:\/\/borgofacca.com\/wp-content\/uploads\/2025\/03\/IMG_4164-1-1-267x200.jpg 267w\" sizes=\"auto, (max-width: 700px) 100vw, 700px\" \/><figcaption class=\"wp-element-caption\">Toit terrasse<\/figcaption><\/figure>\n\n\n\n<p style=\"font-size:20px\">N&rsquo;h\u00e9sitez pas \u00e0 nous contacter pour la <a href=\"https:\/\/borgofacca.com\/?page_id=94\" data-type=\"page\" data-id=\"94\">r\u00e9alisation d&rsquo;un devis<\/a> <\/p>\n\n\n\n<p><\/p>\n","protected":false},"excerpt":{"rendered":"<p>Entreprise Borgo Facca Toitures, artisan couvreur en r\u00e9novation de toiture 34 Afin d\u2019am\u00e9liorer le confort de votre toiture tout au long de l\u2019ann\u00e9e, l\u2019entreprise BORGO FACCA intervient en priorisant la qualit\u00e9 des travaux, dans le d\u00e9partement de&nbsp;l\u2019H\u00e9rault&nbsp;par son s\u00e9rieux et son savoir faire, dans les domaines suivants : Nous mettons &hellip;<\/p>\n","protected":false},"author":1,"featured_media":0,"parent":0,"menu_order":0,"comment_status":"closed","ping_status":"closed","template":"","meta":{"footnotes":""},"class_list":["post-7","page","type-page","status-publish","hentry"],"_links":{"self":[{"href":"https:\/\/borgofacca.com\/index.php?rest_route=\/wp\/v2\/pages\/7","targetHints":{"allow":["GET"]}}],"collection":[{"href":"https:\/\/borgofacca.com\/index.php?rest_route=\/wp\/v2\/pages"}],"about":[{"href":"https:\/\/borgofacca.com\/index.php?rest_route=\/wp\/v2\/types\/page"}],"author":[{"embeddable":true,"href":"https:\/\/borgofacca.com\/index.php?rest_route=\/wp\/v2\/users\/1"}],"replies":[{"embeddable":true,"href":"https:\/\/borgofacca.com\/index.php?rest_route=%2Fwp%2Fv2%2Fcomments&post=7"}],"version-history":[{"count":14,"href":"https:\/\/borgofacca.com\/index.php?rest_route=\/wp\/v2\/pages\/7\/revisions"}],"predecessor-version":[{"id":446,"href":"https:\/\/borgofacca.com\/index.php?rest_route=\/wp\/v2\/pages\/7\/revisions\/446"}],"wp:attachment":[{"href":"https:\/\/borgofacca.com\/index.php?rest_route=%2Fwp%2Fv2%2Fmedia&parent=7"}],"curies":[{"name":"wp","href":"https:\/\/api.w.org\/{rel}","templated":true}]}}